{"id":1088,"date":"2013-10-22T08:20:01","date_gmt":"2013-10-22T06:20:01","guid":{"rendered":"http:\/\/bikecomputer.roproducts.de\/?page_id=1088"},"modified":"2021-03-08T15:56:29","modified_gmt":"2021-03-08T13:56:29","slug":"render-themes","status":"publish","type":"page","link":"https:\/\/bc5.uber.space\/wordpress\/?page_id=1088","title":{"rendered":"Render Themes"},"content":{"rendered":"<p>[en]<br \/>\nWith  BikeComputer Pro (Android) it is possible to use custom render themes for the offline maps. I&#8217;m providing the default themes here, so you can download and edit them.<\/p>\n<p>These are basically xml files, which define rules how all the components of the map are rendered. You can edit them to exclude icons you don&#8217;t need, parking for example. Or you can edit the rendering of ways, buildings and all the other OpenStreetMap entities. Get more info about them <a href=\"http:\/\/taginfo.openstreetmap.org\/\">here<\/a>.<\/p>\n<p>Update : With BikeComputer Pro 7.0.0 and newer, the app supports Mapsforge render themes v4 and v5.<\/p>\n<p>For an explanation how the rules are defined look <a href=\"https:\/\/github.com\/mapsforge\/mapsforge\/blob\/master\/docs\/Rendertheme.md\">here.<\/a><\/p>\n<p>To use a custom theme in the app, copy it to the device, go in the app to map settings, activate &#8220;custom theme&#8221; and select it on the device. It is checked for XML-conformity and used if possible.<\/p>\n<p>The default themes :<\/p>\n<p><a href=\"https:\/\/bc5.uber.space\/maps\/themes\/rendertheme-v4.xml\" target=\"_blank\" rel=\"noopener\">The default render theme<\/a><\/p>\n<p><a href=\"https:\/\/bc5.uber.space\/maps\/themes\/andromaps_cycle.xml\" target=\"_blank\" rel=\"noopener\">OpenAndroMaps cycling <\/a><\/p>\n<p><a href=\"https:\/\/bc5.uber.space\/maps\/themes\/andromaps_hike.xml\" target=\"_blank\" rel=\"noopener\">OpenAndroMaps hiking<\/a><\/p>\n<p>[\/en]<br \/>\n[de]<\/p>\n<p>Mit BikeComputer Pro (Android) ist es m\u00f6glich, eigene Themes zum Rendern der Offline Karten zu benutzen. Damit kann man die Ansicht der Karte beeinflussen. Beispielsweise k\u00f6nnen bestimmte Symbole weggelassen werden, oder das Aussehen von Wegen, Stra\u00dfen und Geb\u00e4uden ver\u00e4ndert werden.<\/p>\n<p>Die Render Themes sind XML-Dateien, die Regeln (Rules) aufstellen, wie bestimmte Elemente darzustellen sind.<\/p>\n<p>F\u00fcr eine Erkl\u00e4rung wie Rules definiert werden siehe <a href=\"https:\/\/github.com\/mapsforge\/mapsforge\/blob\/master\/docs\/Rendertheme.md\">hier<\/a>.<br \/>\nF\u00fcr eine Erl\u00e4uterung der verschiedenen Elemente einer OpenStreetMap Karte siehe <a href=\"http:\/\/taginfo.openstreetmap.org\/\">hier<\/a>.<\/p>\n<p>Wenn es keine Rule f\u00fcr ein Element gibt, wird es nicht gerendert. Das hei\u00dft, um Elemente zu entfernen muss einfach die Rule dieses Elements entfernt werden. Um beispielsweise keine Parkpl\u00e4tze anzuzeigen, werde alles rules, die das Icon Parking benutzen entfernt.<\/p>\n<p>Update: Mit BikeComputer Pro 7.0.0 und neuer unterst\u00fctzt die App Mapsforge v4 und v5 themes. Das Standard Theme wurde auf das Standard Mapsforge v4 theme aktualisiert.<\/p>\n<p>Um das eigene Theme in der App zu verwenden kopiere es auf das Ger\u00e4t, gehe in der App zu Karteneinstellungen->Custom Theme und w\u00e4hle es auf dem Ger\u00e4t aus. Es wird auf Korrektheit (XML-Konformit\u00e4t) gepr\u00fcft und wenn m\u00f6glich verwendet.<\/p>\n<p>Hier stehen die aktuellen Standard-Themes zum Download bereit:<\/p>\n<p><a href=\"https:\/\/bc5.uber.space\/maps\/themes\/rendertheme-v4.xml\" target=\"_blank\" rel=\"noopener\">Das Standard Theme<\/a><\/p>\n<p><a href=\"https:\/\/bc5.uber.space\/maps\/themes\/andromaps_cycle.xml\" target=\"_blank\" rel=\"noopener\">OpenAndroMaps Radfahren<\/a><\/p>\n<p><a href=\"https:\/\/bc5.uber.space\/maps\/themes\/andromaps_hike.xml\" target=\"_blank\" rel=\"noopener\">OpenAndroMaps Wandern<\/a><\/p>\n<p>[\/de]<\/p>\n<p>[it]<\/p>\n<p>Con BikeComputer Pro (Android) \u00e8 possibile di utilizzare temi personalizzati per le mappe offline. Ci\u00f2 pu\u00f2 influenzare la visualizzazione della mappa. Ad esempio, alcune icone possono essere omessi, o la raffigurazione di sentieri, strade ed edifici possono essere modificati.<\/p>\n<p>Sto fornendo i temi predefiniti qui, cosi puoi scaricarli e modificarli.<\/p>\n<p>Essi sono fondamentalmente file XML, che definiscono le regole come sono resi tutti i componenti della mappa. \u00c8 possibile modificare le icone per esempio. Per maggiori informazioni su di loro <a href=\"http:\/\/taginfo.openstreetmap.org\/\"> vai qui<\/a>.<\/p>\n<p>Aggiornamento: Con BikeComputer Pro 7.0.0 i temi sono stati aggiornati. L&#8217;app ora supporta i versioni v4 e v5 dei Mapsforge render themes.<\/p>\n<p>Per una spiegazione di come le regole sono definite aspetto <a href=\"https:\/\/github.com\/mapsforge\/mapsforge\/blob\/master\/docs\/Rendertheme.md\"> qui. <\/a><\/p>\n<p>Per usare il tuo tema predefinito nel app copialo sullo dispositivo, vai nelle impostazioni mappa del app, attiva &#8220;tema personalizzato&#8221; e seleziona il file modificato.<\/p>\n<p>I temi di default:<\/p>\n<p><a href=\"https:\/\/bc5.uber.space\/maps\/themes\/rendertheme-v4.xml\" target=\"_blank\" rel=\"noopener\">Il tema default<\/a><\/p>\n<p><a href=\"https:\/\/bc5.uber.space\/maps\/themes\/andromaps_cycle.xml\" target=\"_blank\" rel=\"noopener\">Il tema OpenAndroMaps per bici<\/a><\/p>\n<p><a href=\"https:\/\/bc5.uber.space\/maps\/themes\/andromaps_hike.xml\" target=\"_blank\" rel=\"noopener\">Il tema OpenAndroMaps per escursioni<\/a><\/p>\n<p>[\/it]<\/p>\n","protected":false},"excerpt":{"rendered":"<p>[en] With BikeComputer Pro (Android) it is possible to use custom render themes for the offline maps. I&#8217;m providing the default themes here, so you can download and edit them. These are basically xml files, which define rules how all &hellip; <a href=\"https:\/\/bc5.uber.space\/wordpress\/?page_id=1088\">Continue reading <span class=\"meta-nav\">&rarr;<\/span><\/a><\/p>\n","protected":false},"author":1,"featured_media":0,"parent":0,"menu_order":0,"comment_status":"open","ping_status":"open","template":"","meta":{"footnotes":""},"class_list":["post-1088","page","type-page","status-publish","hentry"],"_links":{"self":[{"href":"https:\/\/bc5.uber.space\/wordpress\/index.php?rest_route=\/wp\/v2\/pages\/1088"}],"collection":[{"href":"https:\/\/bc5.uber.space\/wordpress\/index.php?rest_route=\/wp\/v2\/pages"}],"about":[{"href":"https:\/\/bc5.uber.space\/wordpress\/index.php?rest_route=\/wp\/v2\/types\/page"}],"author":[{"embeddable":true,"href":"https:\/\/bc5.uber.space\/wordpress\/index.php?rest_route=\/wp\/v2\/users\/1"}],"replies":[{"embeddable":true,"href":"https:\/\/bc5.uber.space\/wordpress\/index.php?rest_route=%2Fwp%2Fv2%2Fcomments&post=1088"}],"version-history":[{"count":19,"href":"https:\/\/bc5.uber.space\/wordpress\/index.php?rest_route=\/wp\/v2\/pages\/1088\/revisions"}],"predecessor-version":[{"id":2068,"href":"https:\/\/bc5.uber.space\/wordpress\/index.php?rest_route=\/wp\/v2\/pages\/1088\/revisions\/2068"}],"wp:attachment":[{"href":"https:\/\/bc5.uber.space\/wordpress\/index.php?rest_route=%2Fwp%2Fv2%2Fmedia&parent=1088"}],"curies":[{"name":"wp","href":"https:\/\/api.w.org\/{rel}","templated":true}]}}